{"id":5868,"date":"2021-01-04T00:06:39","date_gmt":"2021-01-03T21:06:39","guid":{"rendered":"http:\/\/www.turkishmedicalcenters.site\/ru\/?page_id=5868"},"modified":"2021-01-04T00:23:03","modified_gmt":"2021-01-03T21:23:03","slug":"erkek-check-up-paketi","status":"publish","type":"page","link":"https:\/\/turkishmedicalcenters.com\/ru\/erkek-check-up-paketi\/","title":{"rendered":"Erkek Check-Up Paketi"},"content":{"rendered":"<p>[vc_row css=&#8221;.vc_custom_1608020338050{padding-top: 20px !important;padding-bottom: 0px !important;}&#8221;][vc_column css=&#8221;.vc_custom_1608020299845{padding-top: 0px !important;padding-bottom: 0px !important;}&#8221;]<div class=\"tm-element-heading-wrapper tm-heading-inner tm-element-align-center tm-heading-with-separator \">[vc_cta text=\"Erkeklere \u00d6zel Check-Up Paketi\"  h2_google_fonts=\"font_family:Arimo%3Aregular%2Citalic%2C700%2C700italic|font_style:700%20bold%20regular%3A700%3Anormal\"  h4_google_fonts=\"font_family:Lato%3A100%2C100italic%2C300%2C300italic%2Cregular%2Citalic%2C700%2C700italic%2C900%2C900italic|font_style:300%20light%20regular%3A300%3Anormal\"  align=\"center\"  heading_sep=\"yes\"  tag=\"h2\"  h2=\"Erkeklere \u00d6zel Check-Up Paketi\"  txt_align=\"center\"  i_css_animation=\"\" css_animation=\"\"][\/vc_cta]<div class=\"heading-seperator\"><\/div><\/div> <!-- .tm-element-heading-wrapper container --> [vc_column_text]<\/p>\n<p style=\"text-align: center;\">Erkeklere \u00f6zel haz\u0131rlad\u0131\u011f\u0131m\u0131z check-up paketiyle, pek \u00e7ok sa\u011fl\u0131k sorununu engelleyerek sa\u011fl\u0131\u011f\u0131n\u0131z\u0131 koruma alt\u0131na alabilirsiniz.<\/p>\n<p style=\"text-align: center;\">Bu pakette genel olarak\u00a0 hastal\u0131klar\u0131n yak\u0131ndan takip edilmesinde yayg\u0131n olarak tercih edilen testler yer almaktad\u0131r.<\/p>\n<p>[\/vc_column_text][vc_row_inner][vc_column_inner width=&#8221;1\/2&#8243;][vc_column_text]<\/p>\n<h2 class=\"sectionTitle\">Check-up\u2019a Gelmeden \u00d6nce Nelere Dikkat Etmelisiniz?<\/h2>\n<p class=\"sectionDesc\">Check-up \u00f6ncesinde a\u015fa\u011f\u0131daki ko\u015fullara uyulmas\u0131, check-up sonu\u00e7lar\u0131n\u0131n do\u011frulu\u011fu a\u00e7\u0131s\u0131ndan ciddi bir \u00f6nem ta\u015f\u0131maktad\u0131r.<\/p>\n<ul>\n<li>A\u00e7 olun: Bir \u00f6nceki gece saat 12\u2019den sonra g\u0131da almamaya \u00e7al\u0131\u015f\u0131n.<\/li>\n<li>Kahvalt\u0131 etmeyin, at\u0131\u015ft\u0131rmay\u0131n.<\/li>\n<li>Sigara, \u00e7ay, kahve i\u00e7meyin, sak\u0131z \u00e7i\u011fnemeyin \u2013 Gece saat 12\u2019den sonra i\u00e7meyin.<\/li>\n<li>Fazla su t\u00fcketmemeye gayret edin- Gece saat 12\u2019den sonra en fazla bir su barda\u011f\u0131 i\u00e7ebilirsiniz.<\/li>\n<li>Sabah a\u00e7 olarak alman\u0131z gereken ila\u00e7lar\u0131n\u0131z varsa o g\u00fcnl\u00fck kullanmay\u0131n.<\/li>\n<li>3 g\u00fcn \u00f6ncesinden alkol t\u00fcketmeyin.<\/li>\n<li>Ekokardiyografiniz \u00e7ekilecekse v\u00fccudunuza herhangi bir krem s\u00fcr\u00fcmeyin.<\/li>\n<li>Check-Up \u2018a gelece\u011finiz g\u00fcn egzersiz yapmay\u0131n.<\/li>\n<li>Gebeyseniz ya da bu konuda ku\u015fkular\u0131n\u0131z varsa i\u015flemlere ba\u015flamadan \u00f6nce mutlaka hekiminize bildirin.<\/li>\n<li>Daha \u00f6nce yap\u0131lm\u0131\u015f test ve inceleme sonu\u00e7lar\u0131n\u0131 l\u00fctfen beraberinizde getirin.<\/li>\n<li>Efor testi i\u00e7in spor k\u0131yafet ve spor ayakkab\u0131lar\u0131n\u0131z\u0131 yan\u0131n\u0131zda getirmeyi unutmay\u0131n.<\/li>\n<li>Tak\u0131 takmay\u0131n.<\/li>\n<li>Kad\u0131nlar i\u00e7in Check-up mensturasyon (adet) g\u00fcnlerine rastlamamal\u0131d\u0131r.<\/li>\n<\/ul>\n<p>[\/vc_column_text][\/vc_column_inner][vc_column_inner width=&#8221;1\/2&#8243; css=&#8221;.vc_custom_1608884248692{border-left-width: 1px !important;padding-left: 20px !important;border-left-color: #20b5cc !important;border-left-style: solid !important;}&#8221;][vc_column_text css=&#8221;.vc_custom_1608884280145{padding-left: 20px !important;}&#8221;]<\/p>\n<h2 class=\"sectionTitle\">Randevunuzu Erteleyin<\/h2>\n<p class=\"sectionDesc\">Check-up \u00f6ncesinde a\u015fa\u011f\u0131daki durumlardan birini veya birka\u00e7\u0131n\u0131 ya\u015f\u0131yorsan\u0131z check-up randevunuzu erteleyiniz<\/p>\n<ul>\n<li>Sabah ba\u015flayan ate\u015f, halsizlik,bo\u011faz a\u011fr\u0131s\u0131 gibi infeksiyon bulgular\u0131n\u0131z varsa,<\/li>\n<li>Mensturasyon (adet kanamas\u0131) ba\u015flam\u0131\u015fsa,<\/li>\n<li>Devam eden antibiyotik tedaviniz varsa,<\/li>\n<li>3 g\u00fcnden az s\u00fcre i\u00e7inde alkol ald\u0131ysan\u0131z,<\/li>\n<\/ul>\n<h2 class=\"sectionTitle\">Check-Up \u00d6ncesi \u0130la\u00e7 Kullan\u0131m\u0131<\/h2>\n<p class=\"sectionDesc\">Check-up sonu\u00e7lar\u0131n\u0131z\u0131n do\u011fru \u00e7\u0131kmas\u0131 i\u00e7in, check-up yapt\u0131rmadan en az 3 g\u00fcn \u00f6nce a\u015fa\u011f\u0131daki ila\u00e7lar\u0131 kesiniz<\/p>\n<ul>\n<li>D\u00fczenli olarak aspirin kullan\u0131yorsan\u0131z ve Check-up paketinizde \u201cd\u0131\u015fk\u0131da gizli kan testi\u201d varsa, 5 g\u00fcn \u00f6ncedenaspirin almay\u0131 b\u0131rak\u0131n. D\u00fczenli aspirin kullanman\u0131z\u0131 gerektiren bir durum (koroner kalp hastal\u0131\u011f\u0131,kalp kapak hastal\u0131\u011f\u0131 vb) varsa \u0130la\u00e7 Bilgi Formu\u2019na mutlaka not edin.<\/li>\n<li>Vitaminler<\/li>\n<li>Bitkisel ya da besin destek ila\u00e7lar\u0131<\/li>\n<li>Demir ila\u00e7lar\u0131<\/li>\n<\/ul>\n<div class=\"checkup-desc\">\n<p>Tansiyon, diyabet (\u015feker hastal\u0131\u011f\u0131), kalp, romatizma, tiroid hastal\u0131\u011f\u0131, kolesterol y\u00fcksekli\u011fi, psikiyatrik hastal\u0131klar, n\u00f6rolojik hastal\u0131klar gibi\u00a0<strong>kronik hastal\u0131klar nedeniyle kullan\u0131lan ila\u00e7lar\u0131n kesilmesine gerek yoktur.<\/strong>\u00a0Bu ila\u00e7lar\u0131n sabah dozlar\u0131n\u0131 Check-up tetkikleri i\u00e7in kan al\u0131m\u0131 sonras\u0131nda alabilirsiniz.<\/p>\n<p>Bu ila\u00e7lar\u0131 l\u00fctfen\u00a0<strong>\u0130la\u00e7 Kullan\u0131m Formu<\/strong>\u2019nda belirtiniz.<\/div>\n<p>[\/vc_column_text][\/vc_column_inner][\/vc_row_inner]<div class=\"tm-element-heading-wrapper tm-heading-inner tm-element-align-center tm-heading-with-separator \">[vc_cta text=\"Check-Up Paket \u0130\u00e7eri\u011fi\"  h2_google_fonts=\"font_family:Arimo%3Aregular%2Citalic%2C700%2C700italic|font_style:700%20bold%20regular%3A700%3Anormal\"  subtext=\"Erkeklere \u00d6zel,\"  h4_google_fonts=\"font_family:Lato%3A100%2C100italic%2C300%2C300italic%2Cregular%2Citalic%2C700%2C700italic%2C900%2C900italic|font_style:300%20light%20regular%3A300%3Anormal\"  align=\"center\"  heading_sep=\"yes\"  tag=\"h2\"  h2=\"Check-Up Paket \u0130\u00e7eri\u011fi\"  h4=\"Erkeklere \u00d6zel,\"  txt_align=\"center\"  i_css_animation=\"\" css_animation=\"\"][\/vc_cta]<div class=\"heading-seperator\"><\/div><\/div> <!-- .tm-element-heading-wrapper container --> [vc_column_text]<\/p>\n<p style=\"text-align: center;\">Haz\u0131rlan\u0131yor<\/p>\n<p>[\/vc_column_text][vc_row_inner][vc_column_inner width=&#8221;1\/3&#8243;]<ul class=\"tm-list tm-list-style-icon\"><\/ul>[\/vc_column_inner][vc_column_inner width=&#8221;1\/3&#8243;][\/vc_column_inner][vc_column_inner width=&#8221;1\/3&#8243;][\/vc_column_inner][\/vc_row_inner][\/vc_column][\/vc_row]<\/p>\n","protected":false},"excerpt":{"rendered":"<p>[vc_row css=&#8221;.vc_custom_1608020338050{padding-top: 20px !important;padding-bottom: 0px !important;}&#8221;][vc_column css=&#8221;.vc_custom_1608020299845{padding-top: 0px !important;padding-bottom: 0px !important;}&#8221;][vc_column_text] Erkeklere \u00f6zel haz\u0131rlad\u0131\u011f\u0131m\u0131z check-up paketiyle, pek \u00e7ok sa\u011fl\u0131k sorununu engelleyerek sa\u011fl\u0131\u011f\u0131n\u0131z\u0131 koruma alt\u0131na alabilirsiniz. Bu pakette genel olarak\u00a0 hastal\u0131klar\u0131n yak\u0131ndan takip edilmesinde yayg\u0131n olarak tercih edilen testler yer almaktad\u0131r. [\/vc_column_text][vc_row_inner][vc_column_inner width=&#8221;1\/2&#8243;][vc_column_text] Check-up\u2019a Gelmeden \u00d6nce Nelere Dikkat Etmelisiniz? Check-up \u00f6ncesinde a\u015fa\u011f\u0131daki ko\u015fullara uyulmas\u0131, check-up sonu\u00e7lar\u0131n\u0131n [&hellip;]<\/p>\n","protected":false},"author":1,"featured_media":0,"parent":0,"menu_order":0,"comment_status":"closed","ping_status":"closed","template":"","meta":{"inline_featured_image":false},"bolge":[],"uzmanlik":[],"tibbi_birim":[],"hastane_tipi":[],"_links":{"self":[{"href":"https:\/\/turkishmedicalcenters.com\/ru\/wp-json\/wp\/v2\/pages\/5868"}],"collection":[{"href":"https:\/\/turkishmedicalcenters.com\/ru\/wp-json\/wp\/v2\/pages"}],"about":[{"href":"https:\/\/turkishmedicalcenters.com\/ru\/wp-json\/wp\/v2\/types\/page"}],"author":[{"embeddable":true,"href":"https:\/\/turkishmedicalcenters.com\/ru\/wp-json\/wp\/v2\/users\/1"}],"replies":[{"embeddable":true,"href":"https:\/\/turkishmedicalcenters.com\/ru\/wp-json\/wp\/v2\/comments?post=5868"}],"version-history":[{"count":4,"href":"https:\/\/turkishmedicalcenters.com\/ru\/wp-json\/wp\/v2\/pages\/5868\/revisions"}],"predecessor-version":[{"id":5876,"href":"https:\/\/turkishmedicalcenters.com\/ru\/wp-json\/wp\/v2\/pages\/5868\/revisions\/5876"}],"wp:attachment":[{"href":"https:\/\/turkishmedicalcenters.com\/ru\/wp-json\/wp\/v2\/media?parent=5868"}],"wp:term":[{"taxonomy":"bolge","embeddable":true,"href":"https:\/\/turkishmedicalcenters.com\/ru\/wp-json\/wp\/v2\/bolge?post=5868"},{"taxonomy":"uzmanlik","embeddable":true,"href":"https:\/\/turkishmedicalcenters.com\/ru\/wp-json\/wp\/v2\/uzmanlik?post=5868"},{"taxonomy":"tibbi_birim","embeddable":true,"href":"https:\/\/turkishmedicalcenters.com\/ru\/wp-json\/wp\/v2\/tibbi_birim?post=5868"},{"taxonomy":"hastane_tipi","embeddable":true,"href":"https:\/\/turkishmedicalcenters.com\/ru\/wp-json\/wp\/v2\/hastane_tipi?post=5868"}],"curies":[{"name":"wp","href":"https:\/\/api.w.org\/{rel}","templated":true}]}}