{"id":5014,"date":"2020-12-14T17:37:41","date_gmt":"2020-12-14T14:37:41","guid":{"rendered":"http:\/\/www.turkishmedicalcenters.site\/ru\/?page_id=5014"},"modified":"2021-01-04T00:18:26","modified_gmt":"2021-01-03T21:18:26","slug":"check-up","status":"publish","type":"page","link":"https:\/\/turkishmedicalcenters.com\/ru\/check-up\/","title":{"rendered":"Check-Up"},"content":{"rendered":"<p>[vc_row css=&#8221;.vc_custom_1608020338050{padding-top: 20px !important;padding-bottom: 0px !important;}&#8221;][vc_column css=&#8221;.vc_custom_1608020299845{padding-top: 0px !important;padding-bottom: 0px !important;}&#8221;]<div class=\"row thememount-blog-boxes-wrapper thememount-blog-view-default thememount-effect-default thememount-items-col-three   \" id=\"thememount-blog-id-76841983\" ><div class=\"thememount-blog-text col-xs-12 col-sm-12 col-md-12 col-lg-12\"><\/div><div class=\"thememount-blog-boxes col-xs-12 col-sm-12 col-md-12 col-lg-12\"><div class=\"thememount-blog-boxes-inner row multi-columns-row thememount-items-wrapper \">\n\t\t<article class=\"tm-post-box tm-box col-lg-4 col-sm-6 col-md-4 col-xs-12 thememount-blogbox-format-standard area-of-interest check-up\">\n\t\t\t<div class=\"post-item\">\n\t\t\t\t<div class=\"post-item-thumbnail\">\n\t\t\t\t\t<div class=\"post-item-thumbnail-inner\">\n\t\t\t\t\t\t<div class=\"thememount-blog-media entry-thumbnail\"><img width=\"720\" height=\"300\" src=\"https:\/\/turkishmedicalcenters.com\/ru\/wp-content\/uploads\/2020\/12\/Omurga-Cerrahisi-1-720x300.jpg\" class=\"attachment-blog-three-column size-blog-three-column wp-post-image\" alt=\"\" loading=\"lazy\" srcset=\"https:\/\/turkishmedicalcenters.com\/ru\/wp-content\/uploads\/2020\/12\/Omurga-Cerrahisi-1-720x300.jpg 720w, https:\/\/turkishmedicalcenters.com\/ru\/wp-content\/uploads\/2020\/12\/Omurga-Cerrahisi-1-300x125.jpg 300w, https:\/\/turkishmedicalcenters.com\/ru\/wp-content\/uploads\/2020\/12\/Omurga-Cerrahisi-1-1024x427.jpg 1024w, https:\/\/turkishmedicalcenters.com\/ru\/wp-content\/uploads\/2020\/12\/Omurga-Cerrahisi-1-768x320.jpg 768w, https:\/\/turkishmedicalcenters.com\/ru\/wp-content\/uploads\/2020\/12\/Omurga-Cerrahisi-1-16x7.jpg 16w, https:\/\/turkishmedicalcenters.com\/ru\/wp-content\/uploads\/2020\/12\/Omurga-Cerrahisi-1-1110x463.jpg 1110w, https:\/\/turkishmedicalcenters.com\/ru\/wp-content\/uploads\/2020\/12\/Omurga-Cerrahisi-1.jpg 1440w\" sizes=\"(max-width: 720px) 100vw, 720px\" \/><a href=\"https:\/\/turkishmedicalcenters.com\/ru\/area-of-interest\/%d1%87%d1%82%d0%be-%d1%82%d0%b0%d0%ba%d0%be%d0%b5-%d1%85%d0%b8%d1%80%d1%83%d1%80%d0%b3%d0%b8%d1%8f-%d0%bf%d0%be%d0%b7%d0%b2%d0%be%d0%bd%d0%be%d1%87%d0%bd%d0%b8%d0%ba%d0%b0\/\"><span class=\"overthumb\"><i class=\"tm-social-icon-plus\"><\/i><\/span><\/a><\/div>\n\t\t\t\t\t\t<a href=\"https:\/\/turkishmedicalcenters.com\/ru\/area-of-interest\/%d1%87%d1%82%d0%be-%d1%82%d0%b0%d0%ba%d0%be%d0%b5-%d1%85%d0%b8%d1%80%d1%83%d1%80%d0%b3%d0%b8%d1%8f-%d0%bf%d0%be%d0%b7%d0%b2%d0%be%d0%bd%d0%be%d1%87%d0%bd%d0%b8%d0%ba%d0%b0\/\"><span class=\"overthumb\"><i class=\"tm-social-icon-plus\"><\/i><\/span><\/a>\n\t\t\t\t\t<\/div>\n\t\t\t\t\t\n\t\t\t\t<\/div>\n\t\t\t\t<div class=\"tm-item-content\">\n\t\t\t\t\t<h4><a href=\"https:\/\/turkishmedicalcenters.com\/ru\/area-of-interest\/%d1%87%d1%82%d0%be-%d1%82%d0%b0%d0%ba%d0%be%d0%b5-%d1%85%d0%b8%d1%80%d1%83%d1%80%d0%b3%d0%b8%d1%8f-%d0%bf%d0%be%d0%b7%d0%b2%d0%be%d0%bd%d0%be%d1%87%d0%bd%d0%b8%d0%ba%d0%b0\/\">\u0427\u0442\u043e \u0442\u0430\u043a\u043e\u0435 \u0445\u0438\u0440\u0443\u0440\u0433\u0438\u044f \u043f\u043e\u0437\u0432\u043e\u043d\u043e\u0447\u043d\u0438\u043a\u0430?<\/a><\/h4>\t\t\t\n\t\t\t\t\t<div class=\"tm-blogbox-footer-meta\">\n\t\t\t\t\t\t<div class=\"tm-blogbox-date\"><i class=\"demo-icon tm-social-icon-calendar\"><\/i> 15\/12\/2020<\/div>\n\t\t\t\t\t\t<div class=\"tm-blogbox-comment\"><i class=\"demo-icon tm-social-icon-comment-1\"><\/i> <\/div>\n\t\t\t\t\t<\/div>\t\n\t\t\t\t\t<div class=\"thememount-blogbox-desc\">\n\t\t\t\t\t\t[vc_row][vc_column][vc_column_text] \u0425\u0438\u0440\u0443\u0440\u0433\u0438\u044f \u043f\u043e\u0437\u0432\u043e\u043d\u043e\u0447\u043d\u0438...<div class=\"thememount-post-readmore\"><a href=\"https:\/\/turkishmedicalcenters.com\/ru\/area-of-interest\/%d1%87%d1%82%d0%be-%d1%82%d0%b0%d0%ba%d0%be%d0%b5-%d1%85%d0%b8%d1%80%d1%83%d1%80%d0%b3%d0%b8%d1%8f-%d0%bf%d0%be%d0%b7%d0%b2%d0%be%d0%bd%d0%be%d1%87%d0%bd%d0%b8%d0%ba%d0%b0\/\" class=\"more-link tm-post-read-more-link\">Devam<i class=\"tm-social-icon-angle-double-right\"><\/i><\/a><\/div>\n\t\t\t\t\t<\/div>\n\t\t\t\t<\/div>\n\t\t\t<\/div>\n\t\t<\/article>\n\t\n\t\t<article class=\"tm-post-box tm-box col-lg-4 col-sm-6 col-md-4 col-xs-12 thememount-blogbox-format-standard area-of-interest check-up uncategorized\">\n\t\t\t<div class=\"post-item\">\n\t\t\t\t<div class=\"post-item-thumbnail\">\n\t\t\t\t\t<div class=\"post-item-thumbnail-inner\">\n\t\t\t\t\t\t<div class=\"thememount-blog-media entry-thumbnail\"><img width=\"720\" height=\"300\" src=\"https:\/\/turkishmedicalcenters.com\/ru\/wp-content\/uploads\/2020\/12\/checkup-adimlari-1-720x300.png\" class=\"attachment-blog-three-column size-blog-three-column wp-post-image\" alt=\"\" loading=\"lazy\" srcset=\"https:\/\/turkishmedicalcenters.com\/ru\/wp-content\/uploads\/2020\/12\/checkup-adimlari-1-720x300.png 720w, https:\/\/turkishmedicalcenters.com\/ru\/wp-content\/uploads\/2020\/12\/checkup-adimlari-1-300x125.png 300w, https:\/\/turkishmedicalcenters.com\/ru\/wp-content\/uploads\/2020\/12\/checkup-adimlari-1-1024x427.png 1024w, https:\/\/turkishmedicalcenters.com\/ru\/wp-content\/uploads\/2020\/12\/checkup-adimlari-1-768x320.png 768w, https:\/\/turkishmedicalcenters.com\/ru\/wp-content\/uploads\/2020\/12\/checkup-adimlari-1-16x7.png 16w, https:\/\/turkishmedicalcenters.com\/ru\/wp-content\/uploads\/2020\/12\/checkup-adimlari-1-1110x463.png 1110w, https:\/\/turkishmedicalcenters.com\/ru\/wp-content\/uploads\/2020\/12\/checkup-adimlari-1.png 1440w\" sizes=\"(max-width: 720px) 100vw, 720px\" \/><a href=\"https:\/\/turkishmedicalcenters.com\/ru\/uncategorized\/%d1%8d%d1%82%d0%b0%d0%bf%d1%8b-%d0%be%d0%b1%d1%81%d0%bb%d0%b5%d0%b4%d0%be%d0%b2%d0%b0%d0%bd%d0%b8%d1%8f\/\"><span class=\"overthumb\"><i class=\"tm-social-icon-plus\"><\/i><\/span><\/a><\/div>\n\t\t\t\t\t\t<a href=\"https:\/\/turkishmedicalcenters.com\/ru\/uncategorized\/%d1%8d%d1%82%d0%b0%d0%bf%d1%8b-%d0%be%d0%b1%d1%81%d0%bb%d0%b5%d0%b4%d0%be%d0%b2%d0%b0%d0%bd%d0%b8%d1%8f\/\"><span class=\"overthumb\"><i class=\"tm-social-icon-plus\"><\/i><\/span><\/a>\n\t\t\t\t\t<\/div>\n\t\t\t\t\t\n\t\t\t\t<\/div>\n\t\t\t\t<div class=\"tm-item-content\">\n\t\t\t\t\t<h4><a href=\"https:\/\/turkishmedicalcenters.com\/ru\/uncategorized\/%d1%8d%d1%82%d0%b0%d0%bf%d1%8b-%d0%be%d0%b1%d1%81%d0%bb%d0%b5%d0%b4%d0%be%d0%b2%d0%b0%d0%bd%d0%b8%d1%8f\/\">\u042d\u0442\u0430\u043f\u044b \u043e\u0431\u0441\u043b\u0435\u0434\u043e\u0432\u0430\u043d\u0438\u044f<\/a><\/h4>\t\t\t\n\t\t\t\t\t<div class=\"tm-blogbox-footer-meta\">\n\t\t\t\t\t\t<div class=\"tm-blogbox-date\"><i class=\"demo-icon tm-social-icon-calendar\"><\/i> 13\/12\/2020<\/div>\n\t\t\t\t\t\t<div class=\"tm-blogbox-comment\"><i class=\"demo-icon tm-social-icon-comment-1\"><\/i> <\/div>\n\t\t\t\t\t<\/div>\t\n\t\t\t\t\t<div class=\"thememount-blogbox-desc\">\n\t\t\t\t\t\t[vc_row][vc_column][vc_column_text] \u042d\u0442\u0430\u043f\u044b \u0427\u0435\u043a-\u0430\u043f\u0430 \u0432 \u041c\u0435\u0434...<div class=\"thememount-post-readmore\"><a href=\"https:\/\/turkishmedicalcenters.com\/ru\/uncategorized\/%d1%8d%d1%82%d0%b0%d0%bf%d1%8b-%d0%be%d0%b1%d1%81%d0%bb%d0%b5%d0%b4%d0%be%d0%b2%d0%b0%d0%bd%d0%b8%d1%8f\/\" class=\"more-link tm-post-read-more-link\">Devam<i class=\"tm-social-icon-angle-double-right\"><\/i><\/a><\/div>\n\t\t\t\t\t<\/div>\n\t\t\t\t<\/div>\n\t\t\t<\/div>\n\t\t<\/article>\n\t<\/div><\/div><\/div>[vc_row_inner][vc_column_inner width=&#8221;1\/2&#8243;][vc_column_text]<\/p>\n<h2 class=\"sectionTitle\">Check-up\u2019a Gelmeden \u00d6nce Nelere Dikkat Etmelisiniz?<\/h2>\n<p class=\"sectionDesc\">Check-up \u00f6ncesinde a\u015fa\u011f\u0131daki ko\u015fullara uyulmas\u0131, check-up sonu\u00e7lar\u0131n\u0131n do\u011frulu\u011fu a\u00e7\u0131s\u0131ndan ciddi bir \u00f6nem ta\u015f\u0131maktad\u0131r.<\/p>\n<ul>\n<li>A\u00e7 olun: Bir \u00f6nceki gece saat 12\u2019den sonra g\u0131da almamaya \u00e7al\u0131\u015f\u0131n.<\/li>\n<li>Kahvalt\u0131 etmeyin, at\u0131\u015ft\u0131rmay\u0131n.<\/li>\n<li>Sigara, \u00e7ay, kahve i\u00e7meyin, sak\u0131z \u00e7i\u011fnemeyin \u2013 Gece saat 12\u2019den sonra i\u00e7meyin.<\/li>\n<li>Fazla su t\u00fcketmemeye gayret edin- Gece saat 12\u2019den sonra en fazla bir su barda\u011f\u0131 i\u00e7ebilirsiniz.<\/li>\n<li>Sabah a\u00e7 olarak alman\u0131z gereken ila\u00e7lar\u0131n\u0131z varsa o g\u00fcnl\u00fck kullanmay\u0131n.<\/li>\n<li>3 g\u00fcn \u00f6ncesinden alkol t\u00fcketmeyin.<\/li>\n<li>Ekokardiyografiniz \u00e7ekilecekse v\u00fccudunuza herhangi bir krem s\u00fcr\u00fcmeyin.<\/li>\n<li>Check-Up \u2018a gelece\u011finiz g\u00fcn egzersiz yapmay\u0131n.<\/li>\n<li>Gebeyseniz ya da bu konuda ku\u015fkular\u0131n\u0131z varsa i\u015flemlere ba\u015flamadan \u00f6nce mutlaka hekiminize bildirin.<\/li>\n<li>Daha \u00f6nce yap\u0131lm\u0131\u015f test ve inceleme sonu\u00e7lar\u0131n\u0131 l\u00fctfen beraberinizde getirin.<\/li>\n<li>Efor testi i\u00e7in spor k\u0131yafet ve spor ayakkab\u0131lar\u0131n\u0131z\u0131 yan\u0131n\u0131zda getirmeyi unutmay\u0131n.<\/li>\n<li>Tak\u0131 takmay\u0131n.<\/li>\n<li>Kad\u0131nlar i\u00e7in Check-up mensturasyon (adet) g\u00fcnlerine rastlamamal\u0131d\u0131r.<\/li>\n<\/ul>\n<p>[\/vc_column_text][\/vc_column_inner][vc_column_inner width=&#8221;1\/2&#8243; css=&#8221;.vc_custom_1608884248692{border-left-width: 1px !important;padding-left: 20px !important;border-left-color: #20b5cc !important;border-left-style: solid !important;}&#8221;][vc_column_text css=&#8221;.vc_custom_1608884280145{padding-left: 20px !important;}&#8221;]<\/p>\n<h2 class=\"sectionTitle\">Randevunuzu Erteleyin<\/h2>\n<p class=\"sectionDesc\">Check-up \u00f6ncesinde a\u015fa\u011f\u0131daki durumlardan birini veya birka\u00e7\u0131n\u0131 ya\u015f\u0131yorsan\u0131z check-up randevunuzu erteleyiniz<\/p>\n<ul>\n<li>Sabah ba\u015flayan ate\u015f, halsizlik,bo\u011faz a\u011fr\u0131s\u0131 gibi infeksiyon bulgular\u0131n\u0131z varsa,<\/li>\n<li>Mensturasyon (adet kanamas\u0131) ba\u015flam\u0131\u015fsa,<\/li>\n<li>Devam eden antibiyotik tedaviniz varsa,<\/li>\n<li>3 g\u00fcnden az s\u00fcre i\u00e7inde alkol ald\u0131ysan\u0131z,<\/li>\n<\/ul>\n<h2 class=\"sectionTitle\">Check-Up \u00d6ncesi \u0130la\u00e7 Kullan\u0131m\u0131<\/h2>\n<p class=\"sectionDesc\">Check-up sonu\u00e7lar\u0131n\u0131z\u0131n do\u011fru \u00e7\u0131kmas\u0131 i\u00e7in, check-up yapt\u0131rmadan en az 3 g\u00fcn \u00f6nce a\u015fa\u011f\u0131daki ila\u00e7lar\u0131 kesiniz<\/p>\n<ul>\n<li>D\u00fczenli olarak aspirin kullan\u0131yorsan\u0131z ve Check-up paketinizde \u201cd\u0131\u015fk\u0131da gizli kan testi\u201d varsa, 5 g\u00fcn \u00f6ncedenaspirin almay\u0131 b\u0131rak\u0131n. D\u00fczenli aspirin kullanman\u0131z\u0131 gerektiren bir durum (koroner kalp hastal\u0131\u011f\u0131,kalp kapak hastal\u0131\u011f\u0131 vb) varsa \u0130la\u00e7 Bilgi Formu\u2019na mutlaka not edin.<\/li>\n<li>Vitaminler<\/li>\n<li>Bitkisel ya da besin destek ila\u00e7lar\u0131<\/li>\n<li>Demir ila\u00e7lar\u0131<\/li>\n<\/ul>\n<div class=\"checkup-desc\">\n<p>Tansiyon, diyabet (\u015feker hastal\u0131\u011f\u0131), kalp, romatizma, tiroid hastal\u0131\u011f\u0131, kolesterol y\u00fcksekli\u011fi, psikiyatrik hastal\u0131klar, n\u00f6rolojik hastal\u0131klar gibi\u00a0<strong>kronik hastal\u0131klar nedeniyle kullan\u0131lan ila\u00e7lar\u0131n kesilmesine gerek yoktur.<\/strong>\u00a0Bu ila\u00e7lar\u0131n sabah dozlar\u0131n\u0131 Check-up tetkikleri i\u00e7in kan al\u0131m\u0131 sonras\u0131nda alabilirsiniz.<\/p>\n<p>Bu ila\u00e7lar\u0131 l\u00fctfen\u00a0<strong>\u0130la\u00e7 Kullan\u0131m Formu<\/strong>\u2019nda belirtiniz.<\/p>\n<\/div>\n<p>[\/vc_column_text][\/vc_column_inner][\/vc_row_inner]<div class=\"tm-element-heading-wrapper tm-heading-inner tm-element-align-center tm-heading-with-separator \">[vc_cta text=\"Check-Up Paketleri\"  h2_google_fonts=\"font_family:Arimo%3Aregular%2Citalic%2C700%2C700italic|font_style:700%20bold%20regular%3A700%3Anormal\"  subtext=\"Sa\u011fl\u0131\u011f\u0131n\u0131z Kontrol\u00fcn\u00fczde Olsun!\"  h4_google_fonts=\"font_family:Lato%3A100%2C100italic%2C300%2C300italic%2Cregular%2Citalic%2C700%2C700italic%2C900%2C900italic|font_style:300%20light%20regular%3A300%3Anormal\"  align=\"center\"  heading_sep=\"yes\"  tag=\"h2\"  h2=\"Check-Up Paketleri\"  h4=\"Sa\u011fl\u0131\u011f\u0131n\u0131z Kontrol\u00fcn\u00fczde Olsun!\"  txt_align=\"center\"  i_css_animation=\"\" css_animation=\"\"][\/vc_cta]<div class=\"heading-seperator\"><\/div><\/div> <!-- .tm-element-heading-wrapper container --> [vc_row_inner][vc_column_inner width=&#8221;1\/3&#8243;][vc_single_image image=&#8221;5046&#8243; img_size=&#8221;full&#8221; style=&#8221;vc_box_shadow_3d&#8221; onclick=&#8221;custom_link&#8221; link=&#8221;https:\/\/www.turkishmedicalcenters.com\/ru\/kadin-check-up-paketi&#8221;][\/vc_column_inner][vc_column_inner width=&#8221;1\/3&#8243;][vc_single_image image=&#8221;5045&#8243; img_size=&#8221;full&#8221; style=&#8221;vc_box_shadow_3d&#8221; onclick=&#8221;custom_link&#8221; link=&#8221;https:\/\/www.turkishmedicalcenters.com\/ru\/erkek-check-up-paketi&#8221;][\/vc_column_inner][vc_column_inner width=&#8221;1\/3&#8243;][vc_single_image image=&#8221;5044&#8243; img_size=&#8221;full&#8221; style=&#8221;vc_box_shadow_3d&#8221; onclick=&#8221;custom_link&#8221; link=&#8221;https:\/\/www.turkishmedicalcenters.com\/ru\/cocuk-check-up-paketi&#8221;][\/vc_column_inner][\/vc_row_inner][\/vc_column][\/vc_row]<\/p>\n","protected":false},"excerpt":{"rendered":"<p>[vc_row css=&#8221;.vc_custom_1608020338050{padding-top: 20px !important;padding-bottom: 0px !important;}&#8221;][vc_column css=&#8221;.vc_custom_1608020299845{padding-top: 0px !important;padding-bottom: 0px !important;}&#8221;][vc_row_inner][vc_column_inner width=&#8221;1\/2&#8243;][vc_column_text] Check-up\u2019a Gelmeden \u00d6nce Nelere Dikkat Etmelisiniz? Check-up \u00f6ncesinde a\u015fa\u011f\u0131daki ko\u015fullara uyulmas\u0131, check-up sonu\u00e7lar\u0131n\u0131n do\u011frulu\u011fu a\u00e7\u0131s\u0131ndan ciddi bir \u00f6nem ta\u015f\u0131maktad\u0131r. A\u00e7 olun: Bir \u00f6nceki gece saat 12\u2019den sonra g\u0131da almamaya \u00e7al\u0131\u015f\u0131n. Kahvalt\u0131 etmeyin, at\u0131\u015ft\u0131rmay\u0131n. Sigara, \u00e7ay, kahve i\u00e7meyin, sak\u0131z \u00e7i\u011fnemeyin \u2013 Gece saat 12\u2019den [&hellip;]<\/p>\n","protected":false},"author":1,"featured_media":0,"parent":0,"menu_order":0,"comment_status":"closed","ping_status":"closed","template":"","meta":{"inline_featured_image":false},"bolge":[],"uzmanlik":[],"tibbi_birim":[],"hastane_tipi":[],"_links":{"self":[{"href":"https:\/\/turkishmedicalcenters.com\/ru\/wp-json\/wp\/v2\/pages\/5014"}],"collection":[{"href":"https:\/\/turkishmedicalcenters.com\/ru\/wp-json\/wp\/v2\/pages"}],"about":[{"href":"https:\/\/turkishmedicalcenters.com\/ru\/wp-json\/wp\/v2\/types\/page"}],"author":[{"embeddable":true,"href":"https:\/\/turkishmedicalcenters.com\/ru\/wp-json\/wp\/v2\/users\/1"}],"replies":[{"embeddable":true,"href":"https:\/\/turkishmedicalcenters.com\/ru\/wp-json\/wp\/v2\/comments?post=5014"}],"version-history":[{"count":11,"href":"https:\/\/turkishmedicalcenters.com\/ru\/wp-json\/wp\/v2\/pages\/5014\/revisions"}],"predecessor-version":[{"id":5873,"href":"https:\/\/turkishmedicalcenters.com\/ru\/wp-json\/wp\/v2\/pages\/5014\/revisions\/5873"}],"wp:attachment":[{"href":"https:\/\/turkishmedicalcenters.com\/ru\/wp-json\/wp\/v2\/media?parent=5014"}],"wp:term":[{"taxonomy":"bolge","embeddable":true,"href":"https:\/\/turkishmedicalcenters.com\/ru\/wp-json\/wp\/v2\/bolge?post=5014"},{"taxonomy":"uzmanlik","embeddable":true,"href":"https:\/\/turkishmedicalcenters.com\/ru\/wp-json\/wp\/v2\/uzmanlik?post=5014"},{"taxonomy":"tibbi_birim","embeddable":true,"href":"https:\/\/turkishmedicalcenters.com\/ru\/wp-json\/wp\/v2\/tibbi_birim?post=5014"},{"taxonomy":"hastane_tipi","embeddable":true,"href":"https:\/\/turkishmedicalcenters.com\/ru\/wp-json\/wp\/v2\/hastane_tipi?post=5014"}],"curies":[{"name":"wp","href":"https:\/\/api.w.org\/{rel}","templated":true}]}}